{"id":3542,"date":"2026-03-05T13:23:21","date_gmt":"2026-03-05T10:23:21","guid":{"rendered":"https:\/\/www.imhotep.com.tr\/?page_id=3542"},"modified":"2026-03-05T13:31:50","modified_gmt":"2026-03-05T10:31:50","slug":"ayyildiz-projesi-katalogu","status":"publish","type":"page","link":"https:\/\/www.imhotep.com.tr\/en\/ayyildiz-projesi-katalogu\/","title":{"rendered":"Ayy\u0131ld\u0131z Projesi Katalo\u011fu"},"content":{"rendered":"<!-- ipages begin -->\n<div class=\"ipgs-flipbook ipgs-4\" data-json-src=\"https:\/\/www.imhotep.com.tr\/en\/wp-json\/ipages\/v1\/item\/4\" data-item-id=\"4\" style=\"display:none;background-color:rgba(0,0,0,0);\">\n<\/div>\n<!-- ipages end -->","protected":false},"excerpt":{"rendered":"","protected":false},"author":1,"featured_media":0,"parent":0,"menu_order":0,"comment_status":"closed","ping_status":"closed","template":"blank-fullscreen.php","meta":{"_acf_changed":false,"footnotes":""},"class_list":["post-3542","page","type-page","status-publish","hentry"],"acf":[],"_links":{"self":[{"href":"https:\/\/www.imhotep.com.tr\/en\/wp-json\/wp\/v2\/pages\/3542","targetHints":{"allow":["GET"]}}],"collection":[{"href":"https:\/\/www.imhotep.com.tr\/en\/wp-json\/wp\/v2\/pages"}],"about":[{"href":"https:\/\/www.imhotep.com.tr\/en\/wp-json\/wp\/v2\/types\/page"}],"author":[{"embeddable":true,"href":"https:\/\/www.imhotep.com.tr\/en\/wp-json\/wp\/v2\/users\/1"}],"replies":[{"embeddable":true,"href":"https:\/\/www.imhotep.com.tr\/en\/wp-json\/wp\/v2\/comments?post=3542"}],"version-history":[{"count":2,"href":"https:\/\/www.imhotep.com.tr\/en\/wp-json\/wp\/v2\/pages\/3542\/revisions"}],"predecessor-version":[{"id":3545,"href":"https:\/\/www.imhotep.com.tr\/en\/wp-json\/wp\/v2\/pages\/3542\/revisions\/3545"}],"wp:attachment":[{"href":"https:\/\/www.imhotep.com.tr\/en\/wp-json\/wp\/v2\/media?parent=3542"}],"curies":[{"name":"wp","href":"https:\/\/api.w.org\/{rel}","templated":true}]}}